{"id":10161,"date":"2017-05-24T10:18:20","date_gmt":"2017-05-24T10:18:20","guid":{"rendered":"http:\/\/www.customer-alliance.com\/kostenlosen-beratungstermin-vereinbaren\/"},"modified":"2025-01-21T15:45:04","modified_gmt":"2025-01-21T15:45:04","slug":"gratis-demo","status":"publish","type":"page","link":"https:\/\/www.customer-alliance.com\/de\/gratis-demo\/","title":{"rendered":"Kostenlose Demo"},"content":{"rendered":"\t\t<div data-elementor-type=\"wp-page\" data-elementor-id=\"10161\" class=\"elementor elementor-10161 elementor-9873\" data-elementor-post-type=\"page\">\n\t\t\t\t<div class=\"elementor-element elementor-element-b9035c3 e-con-full e-flex e-con e-parent\" data-id=\"b9035c3\" data-element_type=\"container\">\n\t\t<div class=\"elementor-element elementor-element-6a48a1d e-con-full e-flex e-con e-child\" data-id=\"6a48a1d\" data-element_type=\"container\">\n\t\t<div class=\"elementor-element elementor-element-77fce74 e-con-full e-flex e-con e-child\" data-id=\"77fce74\" data-element_type=\"container\">\n\t\t<div class=\"elementor-element elementor-element-84c21b3 e-con-full e-flex e-con e-child\" data-id=\"84c21b3\" data-element_type=\"container\">\n\t\t\t\t<div class=\"elementor-element elementor-element-25eb97a elementor-widget elementor-widget-spacer\" data-id=\"25eb97a\" data-element_type=\"widget\" data-widget_type=\"spacer.default\">\n\t\t\t\t<div class=\"elementor-widget-container\">\n\t\t\t\t\t\t\t<div class=\"elementor-spacer\">\n\t\t\t<div class=\"elementor-spacer-inner\"><\/div>\n\t\t<\/div>\n\t\t\t\t\t\t<\/div>\n\t\t\t\t<\/div>\n\t\t\t\t<div class=\"elementor-element elementor-element-d0545be elementor-widget elementor-widget-spacer\" data-id=\"d0545be\" data-element_type=\"widget\" data-widget_type=\"spacer.default\">\n\t\t\t\t<div class=\"elementor-widget-container\">\n\t\t\t\t\t\t\t<div class=\"elementor-spacer\">\n\t\t\t<div class=\"elementor-spacer-inner\"><\/div>\n\t\t<\/div>\n\t\t\t\t\t\t<\/div>\n\t\t\t\t<\/div>\n\t\t\t\t<div class=\"elementor-element elementor-element-de62694 elementor-widget elementor-widget-html\" data-id=\"de62694\" data-element_type=\"widget\" data-widget_type=\"html.default\">\n\t\t\t\t<div class=\"elementor-widget-container\">\n\t\t\t\t\t<script charset=\"utf-8\" type=\"text\/javascript\"\r\nsrc=\"\/\/js.hsforms.net\/forms\/embed\/v2.js\"><\/script>\r\n<script>\r\nhbspt.forms.create({\r\nportalId: \"2001288\",\r\nformId: \"6efde6a3-5cae-4d2e-b9dc-7cbe1afb2266\"\r\n});\r\n<\/script>\t\t\t\t<\/div>\n\t\t\t\t<\/div>\n\t\t\t\t<div class=\"elementor-element elementor-element-bf2a7e8 elementor-widget elementor-widget-spacer\" data-id=\"bf2a7e8\" data-element_type=\"widget\" data-widget_type=\"spacer.default\">\n\t\t\t\t<div class=\"elementor-widget-container\">\n\t\t\t\t\t\t\t<div class=\"elementor-spacer\">\n\t\t\t<div class=\"elementor-spacer-inner\"><\/div>\n\t\t<\/div>\n\t\t\t\t\t\t<\/div>\n\t\t\t\t<\/div>\n\t\t\t\t<\/div>\n\t\t\t\t<\/div>\n\t\t\t\t<\/div>\n\t\t<div class=\"elementor-element elementor-element-d2d2ba9 e-con-full e-flex e-con e-child\" data-id=\"d2d2ba9\" data-element_type=\"container\" data-settings=\"{&quot;background_background&quot;:&quot;classic&quot;}\">\n\t\t<div class=\"elementor-element elementor-element-c47aef5 e-con-full e-flex e-con e-child\" data-id=\"c47aef5\" data-element_type=\"container\">\n\t\t<div class=\"elementor-element elementor-element-9284476 e-con-full e-flex e-con e-child\" data-id=\"9284476\" data-element_type=\"container\">\n\t\t<div class=\"elementor-element elementor-element-e7627f0 e-con-full e-flex e-con e-child\" data-id=\"e7627f0\" data-element_type=\"container\">\n\t\t\t\t<div class=\"elementor-element elementor-element-7a6d3c1 elementor-widget elementor-widget-spacer\" data-id=\"7a6d3c1\" data-element_type=\"widget\" data-widget_type=\"spacer.default\">\n\t\t\t\t<div class=\"elementor-widget-container\">\n\t\t\t\t\t\t\t<div class=\"elementor-spacer\">\n\t\t\t<div class=\"elementor-spacer-inner\"><\/div>\n\t\t<\/div>\n\t\t\t\t\t\t<\/div>\n\t\t\t\t<\/div>\n\t\t\t\t<div class=\"elementor-element elementor-element-14efff1 elementor-widget elementor-widget-text-editor\" data-id=\"14efff1\" data-element_type=\"widget\" data-widget_type=\"text-editor.default\">\n\t\t\t\t<div class=\"elementor-widget-container\">\n\t\t\t\t\t\t\t\t\t<p>Ein erstes Gespr\u00e4ch, bei dem es nur um Sie geht<\/p>\t\t\t\t\t\t\t\t<\/div>\n\t\t\t\t<\/div>\n\t\t\t\t<div class=\"elementor-element elementor-element-ba1995a elementor-widget elementor-widget-text-editor\" data-id=\"ba1995a\" data-element_type=\"widget\" data-widget_type=\"text-editor.default\">\n\t\t\t\t<div class=\"elementor-widget-container\">\n\t\t\t\t\t\t\t\t\t<p><strong><b>\u00a0\u2714 Was Sie erwarten k\u00f6nnen<\/b><\/strong><\/p><p>Keine einstudierten Demos oder endlosen Pr\u00e4sentationen. Nur ein fokussiertes Gespr\u00e4ch \u00fcber Ihre Bed\u00fcrfnisse im Bereich Review- und Feedback-Management. Wir erfahren etwas \u00fcber Ihre Ziele, beantworten Ihre Fragen und finden gemeinsam heraus, ob wir zueinander passen. Ganz einfach. \ud83e\udd1d<\/p><p><b>\u00a0\u2714 Was passiert danach?<\/b><\/p><p>Wenn Sie in dem, was wir besprochen haben, Potenzial sehen, vereinbaren wir einen Termin f\u00fcr eine Produktdemo, die auf Ihre speziellen Bed\u00fcrfnisse zugeschnitten ist.<\/p>\t\t\t\t\t\t\t\t<\/div>\n\t\t\t\t<\/div>\n\t\t\t\t<div class=\"elementor-element elementor-element-513c67f elementor-pagination-type-bullets elementor--star-style-star_fontawesome elementor-widget elementor-widget-reviews\" data-id=\"513c67f\" data-element_type=\"widget\" data-settings=\"{&quot;slides_per_view&quot;:&quot;2&quot;,&quot;autoplay_speed&quot;:3000,&quot;space_between&quot;:{&quot;unit&quot;:&quot;px&quot;,&quot;size&quot;:6,&quot;sizes&quot;:[]},&quot;pagination&quot;:&quot;bullets&quot;,&quot;speed&quot;:500,&quot;autoplay&quot;:&quot;yes&quot;,&quot;loop&quot;:&quot;yes&quot;,&quot;pause_on_hover&quot;:&quot;yes&quot;,&quot;pause_on_interaction&quot;:&quot;yes&quot;,&quot;space_between_laptop&quot;:{&quot;unit&quot;:&quot;px&quot;,&quot;size&quot;:10,&quot;sizes&quot;:[]},&quot;space_between_tablet&quot;:{&quot;unit&quot;:&quot;px&quot;,&quot;size&quot;:10,&quot;sizes&quot;:[]},&quot;space_between_mobile&quot;:{&quot;unit&quot;:&quot;px&quot;,&quot;size&quot;:10,&quot;sizes&quot;:[]}}\" data-widget_type=\"reviews.default\">\n\t\t\t\t<div class=\"elementor-widget-container\">\n\t\t\t\t\t\t\t\t\t<div class=\"elementor-swiper\">\n\t\t\t\t\t<div class=\"elementor-main-swiper swiper\" role=\"region\" aria-roledescription=\"carousel\" aria-label=\"Slider\">\n\t\t\t\t<div class=\"swiper-wrapper\">\n\t\t\t\t\t\t\t\t\t\t\t<div class=\"swiper-slide\" role=\"group\" aria-roledescription=\"slide\">\n\t\t\t\t\t\t\t\t\t<div class=\"elementor-testimonial elementor-repeater-item-acf84d1\">\n\t\t\t\t\t\t\t<a class=\"elementor-testimonial__header\" href=\"https:\/\/hoteltechreport.com\/reviews\/2yomnjo65w76\">\n\t\t\t\t\t\t\t\t\t\t<cite class=\"elementor-testimonial__cite\"><span class=\"elementor-testimonial__name\">Hoteleigent\u00fcmer <\/span><span class=\"elementor-testimonial__title\">\u2b50\u2b50\u2b50\u2b50\u2b50<\/span><\/cite>\t\t\t\t\t<div class=\"elementor-testimonial__icon elementor-icon elementor-icon-\" aria-label=\"Weiterlesen\"><\/div>\t\t\t\t<\/a>\n\t\t\t\t\t\t\t\t\t\t<div class=\"elementor-testimonial__content\">\n\t\t\t\t\t<div class=\"elementor-testimonial__text\">\n\t\t\t\t\t\tCustomer Alliance ist ein hervorragendes Tool f\u00fcr die Verwaltung von Bewertungen und das Sammeln von Kundenfeedback! Seit wir es nutzen, haben wir eine deutliche Steigerung der Kundenzufriedenheit und ein reibungsloseres Management der Online-Bewertungen festgestellt. Die Plattform ist intuitiv und verf\u00fcgt \u00fcber zahlreiche Funktionen, die die \u00dcberwachung von Feedback und Datenanalyse erleichtern.\t\t\t\t\t<\/div>\n\t\t\t\t<\/div>\n\t\t\t\t\t<\/div>\n\t\t\t\t\t\t\t\t<\/div>\n\t\t\t\t\t\t\t\t\t\t\t<div class=\"swiper-slide\" role=\"group\" aria-roledescription=\"slide\">\n\t\t\t\t\t\t\t\t\t<div class=\"elementor-testimonial elementor-repeater-item-84fe6d7\">\n\t\t\t\t\t\t\t<a class=\"elementor-testimonial__header\" href=\"https:\/\/hoteltechreport.com\/reviews\/91zwey9rlxjr\">\n\t\t\t\t\t\t\t\t\t\t<cite class=\"elementor-testimonial__cite\"><span class=\"elementor-testimonial__name\">Online-Kommunikationsmanager <\/span><span class=\"elementor-testimonial__title\">\u2b50\u2b50\u2b50\u2b50\u2b50<\/span><\/cite>\t\t\t\t\t<div class=\"elementor-testimonial__icon elementor-icon elementor-icon-\" aria-label=\"Weiterlesen\"><\/div>\t\t\t\t<\/a>\n\t\t\t\t\t\t\t\t\t\t<div class=\"elementor-testimonial__content\">\n\t\t\t\t\t<div class=\"elementor-testimonial__text\">\n\t\t\t\t\t\tCustomer Alliance ist ein gro\u00dfartiges Tool, das uns wertvolle Einblicke in die Erfahrungen unserer G\u00e4ste liefert. Es erm\u00f6glicht auch, sofort auf Bewertungen \u00fcber Schnittstellen auf verschiedenen Plattformen zu reagieren. Es entwickelt sich kontinuierlich weiter, um die Funktionalit\u00e4t und Benutzerfreundlichkeit der Plattform zu verbessern. Dar\u00fcber hinaus hat sich Customer Alliance als zuverl\u00e4ssiger Gesch\u00e4ftspartner erwiesen, der Sorat Hotels bei Bedarf immer aktiv unterst\u00fctzt.\t\t\t\t\t<\/div>\n\t\t\t\t<\/div>\n\t\t\t\t\t<\/div>\n\t\t\t\t\t\t\t\t<\/div>\n\t\t\t\t\t\t\t\t\t\t\t<div class=\"swiper-slide\" role=\"group\" aria-roledescription=\"slide\">\n\t\t\t\t\t\t\t\t\t<div class=\"elementor-testimonial elementor-repeater-item-03cab45\">\n\t\t\t\t\t\t\t<div class=\"elementor-testimonial__header\">\n\t\t\t\t\t\t\t\t\t\t<cite class=\"elementor-testimonial__cite\"><span class=\"elementor-testimonial__name\">Revenue Manager<\/span><span class=\"elementor-testimonial__title\">\u2b50\u2b50\u2b50\u2b50\u2b50<\/span><\/cite>\t\t\t\t\t<div class=\"elementor-testimonial__icon elementor-icon elementor-icon-\" aria-label=\"Weiterlesen\"><\/div>\t\t\t\t<\/div>\n\t\t\t\t\t\t\t\t\t\t<div class=\"elementor-testimonial__content\">\n\t\t\t\t\t<div class=\"elementor-testimonial__text\">\n\t\t\t\t\t\tCustomer Alliance ist ein fantastisches Tool, das unser Bewertungsmanagement vereinfacht hat. Wir m\u00fcssen nicht mehr manuell alle OTAs \u00fcberwachen, was uns viel Zeit spart. Das zentralisierte Dashboard erm\u00f6glicht es uns, schnell zu reagieren. \n\nSeit der Einf\u00fchrung dieser Software ist die Anzahl unserer Bewertungen gestiegen, sodass wir uns auf die Verbesserung unserer Dienstleistungen konzentrieren k\u00f6nnen. Wir empfehlen Customer Alliance jedem, der seinen Bewertungsmanagementprozess verbessern m\u00f6chte.\t\t\t\t\t<\/div>\n\t\t\t\t<\/div>\n\t\t\t\t\t<\/div>\n\t\t\t\t\t\t\t\t<\/div>\n\t\t\t\t\t\t\t\t\t\t\t<div class=\"swiper-slide\" role=\"group\" aria-roledescription=\"slide\">\n\t\t\t\t\t\t\t\t\t<div class=\"elementor-testimonial elementor-repeater-item-eb3d2a5\">\n\t\t\t\t\t\t\t<a class=\"elementor-testimonial__header\" href=\"https:\/\/hoteltechreport.com\/reviews\/91zwey63oxjr\">\n\t\t\t\t\t\t\t\t\t\t<cite class=\"elementor-testimonial__cite\"><span class=\"elementor-testimonial__name\">Marketing Manager<\/span><span class=\"elementor-testimonial__title\">\u2b50\u2b50\u2b50\u2b50\u2b50<\/span><\/cite>\t\t\t\t\t<div class=\"elementor-testimonial__icon elementor-icon elementor-icon-\" aria-label=\"Weiterlesen\"><\/div>\t\t\t\t<\/a>\n\t\t\t\t\t\t\t\t\t\t<div class=\"elementor-testimonial__content\">\n\t\t\t\t\t<div class=\"elementor-testimonial__text\">\n\t\t\t\t\t\tCustomer Alliance bietet eine benutzerfreundliche Plattform, die uns hilft, unsere G\u00e4stebewertungen effizient zu verwalten und die Zufriedenheit unserer G\u00e4ste gezielt zu steigern. Die automatisierten Prozesse sparen enorm viel Zeit und die Analyse-Tools liefern wertvolle Erkenntnisse dar\u00fcber, wie wir uns verbessern k\u00f6nnen.\t\t\t\t\t<\/div>\n\t\t\t\t<\/div>\n\t\t\t\t\t<\/div>\n\t\t\t\t\t\t\t\t<\/div>\n\t\t\t\t\t\t\t\t\t\t\t<div class=\"swiper-slide\" role=\"group\" aria-roledescription=\"slide\">\n\t\t\t\t\t\t\t\t\t<div class=\"elementor-testimonial elementor-repeater-item-be58325\">\n\t\t\t\t\t\t\t<div class=\"elementor-testimonial__header\">\n\t\t\t\t\t\t\t\t\t\t<cite class=\"elementor-testimonial__cite\"><span class=\"elementor-testimonial__name\">Hotelmanager<\/span><span class=\"elementor-testimonial__title\">\u2b50\u2b50\u2b50\u2b50\u2b50<\/span><\/cite>\t\t\t\t\t<div class=\"elementor-testimonial__icon elementor-icon elementor-icon-\" aria-label=\"Weiterlesen\"><\/div>\t\t\t\t<\/div>\n\t\t\t\t\t\t\t\t\t\t<div class=\"elementor-testimonial__content\">\n\t\t\t\t\t<div class=\"elementor-testimonial__text\">\n\t\t\t\t\t\tDas Tool hat unser Feedback- und Reputationsmanagement erheblich verbessert. Fr\u00fcher mussten die Bewertungen auf den verschiedenen Portalen m\u00fchsam einzeln \u00fcberwacht werden - mit dem Tool werden wir regelm\u00e4\u00dfig \u00fcber neue Bewertungen informiert und k\u00f6nnen sofort reagieren.\t\t\t\t\t<\/div>\n\t\t\t\t<\/div>\n\t\t\t\t\t<\/div>\n\t\t\t\t\t\t\t\t<\/div>\n\t\t\t\t\t\t\t\t\t<\/div>\n\t\t\t\t\t\t\t\t\t\t\t\t\t\t\t\t\t\t\t\t<div class=\"swiper-pagination\"><\/div>\n\t\t\t\t\t\t\t\t\t\t\t\t<\/div>\n\t\t\t\t<\/div>\n\t\t\t\t\t\t\t\t<\/div>\n\t\t\t\t<\/div>\n\t\t\t\t<div class=\"elementor-element elementor-element-81b684d elementor-widget elementor-widget-spacer\" data-id=\"81b684d\" data-element_type=\"widget\" data-widget_type=\"spacer.default\">\n\t\t\t\t<div class=\"elementor-widget-container\">\n\t\t\t\t\t\t\t<div class=\"elementor-spacer\">\n\t\t\t<div class=\"elementor-spacer-inner\"><\/div>\n\t\t<\/div>\n\t\t\t\t\t\t<\/div>\n\t\t\t\t<\/div>\n\t\t\t\t<div class=\"elementor-element elementor-element-43bad12 elementor-widget elementor-widget-spacer\" data-id=\"43bad12\" data-element_type=\"widget\" data-widget_type=\"spacer.default\">\n\t\t\t\t<div class=\"elementor-widget-container\">\n\t\t\t\t\t\t\t<div class=\"elementor-spacer\">\n\t\t\t<div class=\"elementor-spacer-inner\"><\/div>\n\t\t<\/div>\n\t\t\t\t\t\t<\/div>\n\t\t\t\t<\/div>\n\t\t\t\t<div class=\"elementor-element elementor-element-a284cec elementor-widget elementor-widget-spacer\" data-id=\"a284cec\" data-element_type=\"widget\" data-widget_type=\"spacer.default\">\n\t\t\t\t<div class=\"elementor-widget-container\">\n\t\t\t\t\t\t\t<div class=\"elementor-spacer\">\n\t\t\t<div class=\"elementor-spacer-inner\"><\/div>\n\t\t<\/div>\n\t\t\t\t\t\t<\/div>\n\t\t\t\t<\/div>\n\t\t\t\t<\/div>\n\t\t\t\t<\/div>\n\t\t\t\t<\/div>\n\t\t\t\t<\/div>\n\t\t\t\t<\/div>\n\t\t\t\t<\/div>\n\t\t","protected":false},"excerpt":{"rendered":"<p>Ein erstes Gespr\u00e4ch, bei dem es nur um Sie geht \u00a0\u2714 Was Sie erwarten k\u00f6nnen Keine einstudierten Demos oder endlosen [&hellip;]<\/p>\n","protected":false},"author":20,"featured_media":0,"parent":0,"menu_order":0,"comment_status":"closed","ping_status":"closed","template":"elementor_header_footer","meta":{"_acf_changed":false,"content-type":"","site-sidebar-layout":"default","site-content-layout":"","ast-site-content-layout":"","site-content-style":"default","site-sidebar-style":"default","ast-global-header-display":"","ast-banner-title-visibility":"","ast-main-header-display":"","ast-hfb-above-header-display":"","ast-hfb-below-header-display":"","ast-hfb-mobile-header-display":"","site-post-title":"","ast-breadcrumbs-content":"","ast-featured-img":"","footer-sml-layout":"","theme-transparent-header-meta":"","adv-header-id-meta":"","stick-header-meta":"","header-above-stick-meta":"","header-main-stick-meta":"","header-below-stick-meta":"","astra-migrate-meta-layouts":"default","ast-page-background-enabled":"default","ast-page-background-meta":{"desktop":{"background-color":"var(--ast-global-color-4)","background-image":"","background-repeat":"repeat","background-position":"center center","background-size":"auto","background-attachment":"scroll","background-type":"","background-media":"","overlay-type":"","overlay-color":"","overlay-opacity":"","overlay-gradient":""},"tablet":{"background-color":"","background-image":"","background-repeat":"repeat","background-position":"center center","background-size":"auto","background-attachment":"scroll","background-type":"","background-media":"","overlay-type":"","overlay-color":"","overlay-opacity":"","overlay-gradient":""},"mobile":{"background-color":"","background-image":"","background-repeat":"repeat","background-position":"center center","background-size":"auto","background-attachment":"scroll","background-type":"","background-media":"","overlay-type":"","overlay-color":"","overlay-opacity":"","overlay-gradient":""}},"ast-content-background-meta":{"desktop":{"background-color":"var(--ast-global-color-5)","background-image":"","background-repeat":"repeat","background-position":"center center","background-size":"auto","background-attachment":"scroll","background-type":"","background-media":"","overlay-type":"","overlay-color":"","overlay-opacity":"","overlay-gradient":""},"tablet":{"background-color":"var(--ast-global-color-5)","background-image":"","background-repeat":"repeat","background-position":"center center","background-size":"auto","background-attachment":"scroll","background-type":"","background-media":"","overlay-type":"","overlay-color":"","overlay-opacity":"","overlay-gradient":""},"mobile":{"background-color":"var(--ast-global-color-5)","background-image":"","background-repeat":"repeat","background-position":"center center","background-size":"auto","background-attachment":"scroll","background-type":"","background-media":"","overlay-type":"","overlay-color":"","overlay-opacity":"","overlay-gradient":""}},"footnotes":""},"class_list":["post-10161","page","type-page","status-publish","hentry"],"acf":[],"yoast_head":"<!-- This site is optimized with the Yoast SEO plugin v24.4 - https:\/\/yoast.com\/wordpress\/plugins\/seo\/ -->\n<title>Kostenlose Demo - Customer Alliance<\/title>\n<meta name=\"description\" content=\"Vereinbaren Sie einen kostenlosen Beratungstermin f\u00fcr ein stressfreies Bewertungsmanagement. Erhalten Sie eine ma\u00dfgeschneiderte Einf\u00fchrung in Customer Alliance.\" \/>\n<meta name=\"robots\" content=\"index, follow, max-snippet:-1, max-image-preview:large, max-video-preview:-1\" \/>\n<link rel=\"canonical\" href=\"https:\/\/www.customer-alliance.com\/de\/gratis-demo\/\" \/>\n<meta property=\"og:locale\" content=\"de_DE\" \/>\n<meta property=\"og:type\" content=\"article\" \/>\n<meta property=\"og:title\" content=\"Kostenlose Demo - Customer Alliance\" \/>\n<meta property=\"og:description\" content=\"Vereinbaren Sie einen kostenlosen Beratungstermin f\u00fcr ein stressfreies Bewertungsmanagement. Erhalten Sie eine ma\u00dfgeschneiderte Einf\u00fchrung in Customer Alliance.\" \/>\n<meta property=\"og:url\" content=\"https:\/\/www.customer-alliance.com\/de\/gratis-demo\/\" \/>\n<meta property=\"og:site_name\" content=\"Customer Alliance\" \/>\n<meta property=\"article:publisher\" content=\"https:\/\/www.facebook.com\/CustomerAlliance\" \/>\n<meta property=\"article:modified_time\" content=\"2025-01-21T15:45:04+00:00\" \/>\n<meta name=\"twitter:card\" content=\"summary_large_image\" \/>\n<meta name=\"twitter:site\" content=\"@CustomerAll\" \/>\n<meta name=\"twitter:label1\" content=\"Gesch\u00e4tzte Lesezeit\" \/>\n\t<meta name=\"twitter:data1\" content=\"3 Minuten\" \/>\n<script type=\"application\/ld+json\" class=\"yoast-schema-graph\">{\"@context\":\"https:\/\/schema.org\",\"@graph\":[{\"@type\":\"WebPage\",\"@id\":\"https:\/\/www.customer-alliance.com\/de\/gratis-demo\/\",\"url\":\"https:\/\/www.customer-alliance.com\/de\/gratis-demo\/\",\"name\":\"Kostenlose Demo - Customer Alliance\",\"isPartOf\":{\"@id\":\"https:\/\/www.customer-alliance.com\/fr\/#website\"},\"datePublished\":\"2017-05-24T10:18:20+00:00\",\"dateModified\":\"2025-01-21T15:45:04+00:00\",\"description\":\"Vereinbaren Sie einen kostenlosen Beratungstermin f\u00fcr ein stressfreies Bewertungsmanagement. Erhalten Sie eine ma\u00dfgeschneiderte Einf\u00fchrung in Customer Alliance.\",\"inLanguage\":\"de\",\"potentialAction\":[{\"@type\":\"ReadAction\",\"target\":[\"https:\/\/www.customer-alliance.com\/de\/gratis-demo\/\"]}]},{\"@type\":\"WebSite\",\"@id\":\"https:\/\/www.customer-alliance.com\/fr\/#website\",\"url\":\"https:\/\/www.customer-alliance.com\/fr\/\",\"name\":\"Customer Alliance\",\"description\":\"Stress-free customer feedback &amp; review management\",\"publisher\":{\"@id\":\"https:\/\/www.customer-alliance.com\/fr\/#organization\"},\"potentialAction\":[{\"@type\":\"SearchAction\",\"target\":{\"@type\":\"EntryPoint\",\"urlTemplate\":\"https:\/\/www.customer-alliance.com\/fr\/?s={search_term_string}\"},\"query-input\":{\"@type\":\"PropertyValueSpecification\",\"valueRequired\":true,\"valueName\":\"search_term_string\"}}],\"inLanguage\":\"de\"},{\"@type\":\"Organization\",\"@id\":\"https:\/\/www.customer-alliance.com\/fr\/#organization\",\"name\":\"Customer Alliance\",\"url\":\"https:\/\/www.customer-alliance.com\/fr\/\",\"logo\":{\"@type\":\"ImageObject\",\"inLanguage\":\"de\",\"@id\":\"https:\/\/www.customer-alliance.com\/fr\/#\/schema\/logo\/image\/\",\"url\":\"https:\/\/www.customer-alliance.com\/wp-content\/uploads\/2026\/02\/logo.webp\",\"contentUrl\":\"https:\/\/www.customer-alliance.com\/wp-content\/uploads\/2026\/02\/logo.webp\",\"width\":431,\"height\":134,\"caption\":\"Customer Alliance\"},\"image\":{\"@id\":\"https:\/\/www.customer-alliance.com\/fr\/#\/schema\/logo\/image\/\"},\"sameAs\":[\"https:\/\/www.facebook.com\/CustomerAlliance\",\"https:\/\/x.com\/CustomerAll\"]}]}<\/script>\n<!-- \/ Yoast SEO plugin. -->","yoast_head_json":{"title":"Kostenlose Demo - Customer Alliance","description":"Vereinbaren Sie einen kostenlosen Beratungstermin f\u00fcr ein stressfreies Bewertungsmanagement. Erhalten Sie eine ma\u00dfgeschneiderte Einf\u00fchrung in Customer Alliance.","robots":{"index":"index","follow":"follow","max-snippet":"max-snippet:-1","max-image-preview":"max-image-preview:large","max-video-preview":"max-video-preview:-1"},"canonical":"https:\/\/www.customer-alliance.com\/de\/gratis-demo\/","og_locale":"de_DE","og_type":"article","og_title":"Kostenlose Demo - Customer Alliance","og_description":"Vereinbaren Sie einen kostenlosen Beratungstermin f\u00fcr ein stressfreies Bewertungsmanagement. Erhalten Sie eine ma\u00dfgeschneiderte Einf\u00fchrung in Customer Alliance.","og_url":"https:\/\/www.customer-alliance.com\/de\/gratis-demo\/","og_site_name":"Customer Alliance","article_publisher":"https:\/\/www.facebook.com\/CustomerAlliance","article_modified_time":"2025-01-21T15:45:04+00:00","twitter_card":"summary_large_image","twitter_site":"@CustomerAll","twitter_misc":{"Gesch\u00e4tzte Lesezeit":"3 Minuten"},"schema":{"@context":"https:\/\/schema.org","@graph":[{"@type":"WebPage","@id":"https:\/\/www.customer-alliance.com\/de\/gratis-demo\/","url":"https:\/\/www.customer-alliance.com\/de\/gratis-demo\/","name":"Kostenlose Demo - Customer Alliance","isPartOf":{"@id":"https:\/\/www.customer-alliance.com\/fr\/#website"},"datePublished":"2017-05-24T10:18:20+00:00","dateModified":"2025-01-21T15:45:04+00:00","description":"Vereinbaren Sie einen kostenlosen Beratungstermin f\u00fcr ein stressfreies Bewertungsmanagement. Erhalten Sie eine ma\u00dfgeschneiderte Einf\u00fchrung in Customer Alliance.","inLanguage":"de","potentialAction":[{"@type":"ReadAction","target":["https:\/\/www.customer-alliance.com\/de\/gratis-demo\/"]}]},{"@type":"WebSite","@id":"https:\/\/www.customer-alliance.com\/fr\/#website","url":"https:\/\/www.customer-alliance.com\/fr\/","name":"Customer Alliance","description":"Stress-free customer feedback &amp; review management","publisher":{"@id":"https:\/\/www.customer-alliance.com\/fr\/#organization"},"potentialAction":[{"@type":"SearchAction","target":{"@type":"EntryPoint","urlTemplate":"https:\/\/www.customer-alliance.com\/fr\/?s={search_term_string}"},"query-input":{"@type":"PropertyValueSpecification","valueRequired":true,"valueName":"search_term_string"}}],"inLanguage":"de"},{"@type":"Organization","@id":"https:\/\/www.customer-alliance.com\/fr\/#organization","name":"Customer Alliance","url":"https:\/\/www.customer-alliance.com\/fr\/","logo":{"@type":"ImageObject","inLanguage":"de","@id":"https:\/\/www.customer-alliance.com\/fr\/#\/schema\/logo\/image\/","url":"https:\/\/www.customer-alliance.com\/wp-content\/uploads\/2026\/02\/logo.webp","contentUrl":"https:\/\/www.customer-alliance.com\/wp-content\/uploads\/2026\/02\/logo.webp","width":431,"height":134,"caption":"Customer Alliance"},"image":{"@id":"https:\/\/www.customer-alliance.com\/fr\/#\/schema\/logo\/image\/"},"sameAs":["https:\/\/www.facebook.com\/CustomerAlliance","https:\/\/x.com\/CustomerAll"]}]}},"_links":{"self":[{"href":"https:\/\/www.customer-alliance.com\/de\/wp-json\/wp\/v2\/pages\/10161","targetHints":{"allow":["GET"]}}],"collection":[{"href":"https:\/\/www.customer-alliance.com\/de\/wp-json\/wp\/v2\/pages"}],"about":[{"href":"https:\/\/www.customer-alliance.com\/de\/wp-json\/wp\/v2\/types\/page"}],"author":[{"embeddable":true,"href":"https:\/\/www.customer-alliance.com\/de\/wp-json\/wp\/v2\/users\/20"}],"replies":[{"embeddable":true,"href":"https:\/\/www.customer-alliance.com\/de\/wp-json\/wp\/v2\/comments?post=10161"}],"version-history":[{"count":0,"href":"https:\/\/www.customer-alliance.com\/de\/wp-json\/wp\/v2\/pages\/10161\/revisions"}],"wp:attachment":[{"href":"https:\/\/www.customer-alliance.com\/de\/wp-json\/wp\/v2\/media?parent=10161"}],"curies":[{"name":"wp","href":"https:\/\/api.w.org\/{rel}","templated":true}]}}