{"id":10065,"date":"2013-10-28T09:49:49","date_gmt":"2013-10-28T09:49:49","guid":{"rendered":"http:\/\/www.customer-alliance.com\/mentions-legales\/"},"modified":"2026-02-25T15:02:36","modified_gmt":"2026-02-25T15:02:36","slug":"mentions-legales","status":"publish","type":"page","link":"https:\/\/www.customer-alliance.com\/fr\/mentions-legales\/","title":{"rendered":"Imprint"},"content":{"rendered":"\t\t<div data-elementor-type=\"wp-page\" data-elementor-id=\"10065\" class=\"elementor elementor-10065 elementor-9835\" data-elementor-post-type=\"page\">\n\t\t\t\t<div class=\"elementor-element elementor-element-1347080 e-flex e-con-boxed e-con e-parent\" data-id=\"1347080\" data-element_type=\"container\">\n\t\t\t\t\t<div class=\"e-con-inner\">\n\t\t<div class=\"elementor-element elementor-element-4e27ca3 e-con-full e-flex e-con e-child\" data-id=\"4e27ca3\" data-element_type=\"container\">\n\t\t<div class=\"elementor-element elementor-element-dd63670 e-con-full e-flex e-con e-child\" data-id=\"dd63670\" data-element_type=\"container\">\n\t\t\t\t<div class=\"elementor-element elementor-element-14d9490 elementor-widget elementor-widget-text-editor\" data-id=\"14d9490\" data-element_type=\"widget\" data-widget_type=\"text-editor.default\">\n\t\t\t\t<div class=\"elementor-widget-container\">\n\t\t\t\t\t\t\t\t\tCA Customer Alliance GmbH (Headquarters)\t\t\t\t\t\t\t\t<\/div>\n\t\t\t\t<\/div>\n\t\t\t\t<div class=\"elementor-element elementor-element-cfe9300 elementor-widget elementor-widget-spacer\" data-id=\"cfe9300\" data-element_type=\"widget\" data-widget_type=\"spacer.default\">\n\t\t\t\t<div class=\"elementor-widget-container\">\n\t\t\t\t\t\t\t<div class=\"elementor-spacer\">\n\t\t\t<div class=\"elementor-spacer-inner\"><\/div>\n\t\t<\/div>\n\t\t\t\t\t\t<\/div>\n\t\t\t\t<\/div>\n\t\t\t\t<div class=\"elementor-element elementor-element-3a398fc elementor-widget elementor-widget-text-editor\" data-id=\"3a398fc\" data-element_type=\"widget\" data-widget_type=\"text-editor.default\">\n\t\t\t\t<div class=\"elementor-widget-container\">\n\t\t\t\t\t\t\t\t\t<p>Hausvogteiplatz 12<br \/>10117 Berlin, Germany<\/p><p><a href=\"mailto:info@customer-alliance.com\">info@customer-alliance.com<\/a><\/p><p>Directeur G\u00e9n\u00e9ral: Steffen Schmickler<\/p><p>Tribunal de commerce: Amtsgericht Charlottenburg<br \/>Num\u00e9ro de registre: HRB 121596 B<\/p><p>Num\u00e9ro TVA: DE266464565<\/p>\t\t\t\t\t\t\t\t<\/div>\n\t\t\t\t<\/div>\n\t\t\t\t<div class=\"elementor-element elementor-element-4e005f7 elementor-widget elementor-widget-spacer\" data-id=\"4e005f7\" data-element_type=\"widget\" data-widget_type=\"spacer.default\">\n\t\t\t\t<div class=\"elementor-widget-container\">\n\t\t\t\t\t\t\t<div class=\"elementor-spacer\">\n\t\t\t<div class=\"elementor-spacer-inner\"><\/div>\n\t\t<\/div>\n\t\t\t\t\t\t<\/div>\n\t\t\t\t<\/div>\n\t\t\t\t<\/div>\n\t\t\t\t<\/div>\n\t\t\t\t\t<\/div>\n\t\t\t\t<\/div>\n\t\t\t\t<\/div>\n\t\t","protected":false},"excerpt":{"rendered":"<p>CA Customer Alliance GmbH (Headquarters) Hausvogteiplatz 1210117 Berlin, Germany info@customer-alliance.com Directeur G\u00e9n\u00e9ral: Steffen Schmickler Tribunal de commerce: Amtsgericht CharlottenburgNum\u00e9ro de [&hellip;]<\/p>\n","protected":false},"author":20,"featured_media":0,"parent":0,"menu_order":0,"comment_status":"closed","ping_status":"closed","template":"","meta":{"_acf_changed":false,"content-type":"","site-sidebar-layout":"default","site-content-layout":"","ast-site-content-layout":"","site-content-style":"default","site-sidebar-style":"default","ast-global-header-display":"","ast-banner-title-visibility":"","ast-main-header-display":"","ast-hfb-above-header-display":"","ast-hfb-below-header-display":"","ast-hfb-mobile-header-display":"","site-post-title":"","ast-breadcrumbs-content":"","ast-featured-img":"","footer-sml-layout":"","theme-transparent-header-meta":"","adv-header-id-meta":"","stick-header-meta":"","header-above-stick-meta":"","header-main-stick-meta":"","header-below-stick-meta":"","astra-migrate-meta-layouts":"default","ast-page-background-enabled":"default","ast-page-background-meta":{"desktop":{"background-color":"var(--ast-global-color-4)","background-image":"","background-repeat":"repeat","background-position":"center center","background-size":"auto","background-attachment":"scroll","background-type":"","background-media":"","overlay-type":"","overlay-color":"","overlay-opacity":"","overlay-gradient":""},"tablet":{"background-color":"","background-image":"","background-repeat":"repeat","background-position":"center center","background-size":"auto","background-attachment":"scroll","background-type":"","background-media":"","overlay-type":"","overlay-color":"","overlay-opacity":"","overlay-gradient":""},"mobile":{"background-color":"","background-image":"","background-repeat":"repeat","background-position":"center center","background-size":"auto","background-attachment":"scroll","background-type":"","background-media":"","overlay-type":"","overlay-color":"","overlay-opacity":"","overlay-gradient":""}},"ast-content-background-meta":{"desktop":{"background-color":"var(--ast-global-color-5)","background-image":"","background-repeat":"repeat","background-position":"center center","background-size":"auto","background-attachment":"scroll","background-type":"","background-media":"","overlay-type":"","overlay-color":"","overlay-opacity":"","overlay-gradient":""},"tablet":{"background-color":"var(--ast-global-color-5)","background-image":"","background-repeat":"repeat","background-position":"center center","background-size":"auto","background-attachment":"scroll","background-type":"","background-media":"","overlay-type":"","overlay-color":"","overlay-opacity":"","overlay-gradient":""},"mobile":{"background-color":"var(--ast-global-color-5)","background-image":"","background-repeat":"repeat","background-position":"center center","background-size":"auto","background-attachment":"scroll","background-type":"","background-media":"","overlay-type":"","overlay-color":"","overlay-opacity":"","overlay-gradient":""}},"footnotes":""},"class_list":["post-10065","page","type-page","status-publish","hentry"],"acf":[],"yoast_head":"<!-- This site is optimized with the Yoast SEO plugin v24.4 - https:\/\/yoast.com\/wordpress\/plugins\/seo\/ -->\n<title>Imprint - Customer Alliance<\/title>\n<meta name=\"description\" content=\"Mentions L\u00e9gales \/ Imprint - Customer Alliance, Berlin\" \/>\n<meta name=\"robots\" content=\"index, follow, max-snippet:-1, max-image-preview:large, max-video-preview:-1\" \/>\n<link rel=\"canonical\" href=\"https:\/\/www.customer-alliance.com\/fr\/mentions-legales\/\" \/>\n<meta property=\"og:locale\" content=\"fr_FR\" \/>\n<meta property=\"og:type\" content=\"article\" \/>\n<meta property=\"og:title\" content=\"Imprint - Customer Alliance\" \/>\n<meta property=\"og:description\" content=\"Mentions L\u00e9gales \/ Imprint - Customer Alliance, Berlin\" \/>\n<meta property=\"og:url\" content=\"https:\/\/www.customer-alliance.com\/fr\/mentions-legales\/\" \/>\n<meta property=\"og:site_name\" content=\"Customer Alliance\" \/>\n<meta property=\"article:publisher\" content=\"https:\/\/www.facebook.com\/CustomerAlliance\" \/>\n<meta property=\"article:modified_time\" content=\"2026-02-25T15:02:36+00:00\" \/>\n<meta name=\"twitter:card\" content=\"summary_large_image\" \/>\n<meta name=\"twitter:site\" content=\"@CustomerAll\" \/>\n<meta name=\"twitter:label1\" content=\"Dur\u00e9e de lecture estim\u00e9e\" \/>\n\t<meta name=\"twitter:data1\" content=\"1 minute\" \/>\n<script type=\"application\/ld+json\" class=\"yoast-schema-graph\">{\"@context\":\"https:\/\/schema.org\",\"@graph\":[{\"@type\":\"WebPage\",\"@id\":\"https:\/\/www.customer-alliance.com\/fr\/mentions-legales\/\",\"url\":\"https:\/\/www.customer-alliance.com\/fr\/mentions-legales\/\",\"name\":\"Imprint - Customer Alliance\",\"isPartOf\":{\"@id\":\"https:\/\/www.customer-alliance.com\/fr\/#website\"},\"datePublished\":\"2013-10-28T09:49:49+00:00\",\"dateModified\":\"2026-02-25T15:02:36+00:00\",\"description\":\"Mentions L\u00e9gales \/ Imprint - Customer Alliance, Berlin\",\"inLanguage\":\"fr-FR\",\"potentialAction\":[{\"@type\":\"ReadAction\",\"target\":[\"https:\/\/www.customer-alliance.com\/fr\/mentions-legales\/\"]}]},{\"@type\":\"WebSite\",\"@id\":\"https:\/\/www.customer-alliance.com\/fr\/#website\",\"url\":\"https:\/\/www.customer-alliance.com\/fr\/\",\"name\":\"Customer Alliance\",\"description\":\"Stress-free customer feedback &amp; review management\",\"publisher\":{\"@id\":\"https:\/\/www.customer-alliance.com\/fr\/#organization\"},\"potentialAction\":[{\"@type\":\"SearchAction\",\"target\":{\"@type\":\"EntryPoint\",\"urlTemplate\":\"https:\/\/www.customer-alliance.com\/fr\/?s={search_term_string}\"},\"query-input\":{\"@type\":\"PropertyValueSpecification\",\"valueRequired\":true,\"valueName\":\"search_term_string\"}}],\"inLanguage\":\"fr-FR\"},{\"@type\":\"Organization\",\"@id\":\"https:\/\/www.customer-alliance.com\/fr\/#organization\",\"name\":\"Customer Alliance\",\"url\":\"https:\/\/www.customer-alliance.com\/fr\/\",\"logo\":{\"@type\":\"ImageObject\",\"inLanguage\":\"fr-FR\",\"@id\":\"https:\/\/www.customer-alliance.com\/fr\/#\/schema\/logo\/image\/\",\"url\":\"https:\/\/www.customer-alliance.com\/wp-content\/uploads\/2026\/02\/logo.webp\",\"contentUrl\":\"https:\/\/www.customer-alliance.com\/wp-content\/uploads\/2026\/02\/logo.webp\",\"width\":431,\"height\":134,\"caption\":\"Customer Alliance\"},\"image\":{\"@id\":\"https:\/\/www.customer-alliance.com\/fr\/#\/schema\/logo\/image\/\"},\"sameAs\":[\"https:\/\/www.facebook.com\/CustomerAlliance\",\"https:\/\/x.com\/CustomerAll\"]}]}<\/script>\n<!-- \/ Yoast SEO plugin. -->","yoast_head_json":{"title":"Imprint - Customer Alliance","description":"Mentions L\u00e9gales \/ Imprint - Customer Alliance, Berlin","robots":{"index":"index","follow":"follow","max-snippet":"max-snippet:-1","max-image-preview":"max-image-preview:large","max-video-preview":"max-video-preview:-1"},"canonical":"https:\/\/www.customer-alliance.com\/fr\/mentions-legales\/","og_locale":"fr_FR","og_type":"article","og_title":"Imprint - Customer Alliance","og_description":"Mentions L\u00e9gales \/ Imprint - Customer Alliance, Berlin","og_url":"https:\/\/www.customer-alliance.com\/fr\/mentions-legales\/","og_site_name":"Customer Alliance","article_publisher":"https:\/\/www.facebook.com\/CustomerAlliance","article_modified_time":"2026-02-25T15:02:36+00:00","twitter_card":"summary_large_image","twitter_site":"@CustomerAll","twitter_misc":{"Dur\u00e9e de lecture estim\u00e9e":"1 minute"},"schema":{"@context":"https:\/\/schema.org","@graph":[{"@type":"WebPage","@id":"https:\/\/www.customer-alliance.com\/fr\/mentions-legales\/","url":"https:\/\/www.customer-alliance.com\/fr\/mentions-legales\/","name":"Imprint - Customer Alliance","isPartOf":{"@id":"https:\/\/www.customer-alliance.com\/fr\/#website"},"datePublished":"2013-10-28T09:49:49+00:00","dateModified":"2026-02-25T15:02:36+00:00","description":"Mentions L\u00e9gales \/ Imprint - Customer Alliance, Berlin","inLanguage":"fr-FR","potentialAction":[{"@type":"ReadAction","target":["https:\/\/www.customer-alliance.com\/fr\/mentions-legales\/"]}]},{"@type":"WebSite","@id":"https:\/\/www.customer-alliance.com\/fr\/#website","url":"https:\/\/www.customer-alliance.com\/fr\/","name":"Customer Alliance","description":"Stress-free customer feedback &amp; review management","publisher":{"@id":"https:\/\/www.customer-alliance.com\/fr\/#organization"},"potentialAction":[{"@type":"SearchAction","target":{"@type":"EntryPoint","urlTemplate":"https:\/\/www.customer-alliance.com\/fr\/?s={search_term_string}"},"query-input":{"@type":"PropertyValueSpecification","valueRequired":true,"valueName":"search_term_string"}}],"inLanguage":"fr-FR"},{"@type":"Organization","@id":"https:\/\/www.customer-alliance.com\/fr\/#organization","name":"Customer Alliance","url":"https:\/\/www.customer-alliance.com\/fr\/","logo":{"@type":"ImageObject","inLanguage":"fr-FR","@id":"https:\/\/www.customer-alliance.com\/fr\/#\/schema\/logo\/image\/","url":"https:\/\/www.customer-alliance.com\/wp-content\/uploads\/2026\/02\/logo.webp","contentUrl":"https:\/\/www.customer-alliance.com\/wp-content\/uploads\/2026\/02\/logo.webp","width":431,"height":134,"caption":"Customer Alliance"},"image":{"@id":"https:\/\/www.customer-alliance.com\/fr\/#\/schema\/logo\/image\/"},"sameAs":["https:\/\/www.facebook.com\/CustomerAlliance","https:\/\/x.com\/CustomerAll"]}]}},"_links":{"self":[{"href":"https:\/\/www.customer-alliance.com\/fr\/wp-json\/wp\/v2\/pages\/10065","targetHints":{"allow":["GET"]}}],"collection":[{"href":"https:\/\/www.customer-alliance.com\/fr\/wp-json\/wp\/v2\/pages"}],"about":[{"href":"https:\/\/www.customer-alliance.com\/fr\/wp-json\/wp\/v2\/types\/page"}],"author":[{"embeddable":true,"href":"https:\/\/www.customer-alliance.com\/fr\/wp-json\/wp\/v2\/users\/20"}],"replies":[{"embeddable":true,"href":"https:\/\/www.customer-alliance.com\/fr\/wp-json\/wp\/v2\/comments?post=10065"}],"version-history":[{"count":0,"href":"https:\/\/www.customer-alliance.com\/fr\/wp-json\/wp\/v2\/pages\/10065\/revisions"}],"wp:attachment":[{"href":"https:\/\/www.customer-alliance.com\/fr\/wp-json\/wp\/v2\/media?parent=10065"}],"curies":[{"name":"wp","href":"https:\/\/api.w.org\/{rel}","templated":true}]}}